{"id":5,"date":"2018-02-26T08:51:24","date_gmt":"2018-02-26T08:51:24","guid":{"rendered":"http:\/\/10.44.205.152\/free-1\/mesmerize\/"},"modified":"2026-04-02T19:06:30","modified_gmt":"2026-04-02T17:06:30","slug":"mesmerize","status":"publish","type":"page","link":"https:\/\/geokana.com\/shop\/","title":{"rendered":"Front Page"},"content":{"rendered":"<div  data-label=\"Content\" data-id=\"content--2\" data-export-id=\"content-12\" data-category=\"content\" class=\"content-12 content-section content-section-spacing\" id=\"content-2\" style=\"background-color: rgb(245, 250, 253);\"><div  class=\"\"> <div  class=\"row text-center\"><div  class=\"section-title-col\" data-type=\"column\"> <h2  class=\"\"><span  style=\"font-weight: 900;\">Fotos Evento Entrega Premios Geokana 2025<\/span><\/h2> <a  class=\"button big color7\" href=\"https:\/\/geokana.com\/shop\/evento-geokana-rider-2025\" target=\"_blank\" data-cp-link=\"1\" data-icon=\"fa-picture-o\"><span  class=\"button-icon fa fa-picture-o\"><\/span>FOTOS EVENTO ENTREGA PREMIOS<\/a><p  class=\"\">S\u00e1bado 21 Marzo 2026 \u00b7 Navarcles (Barcelona)<\/p><img  decoding=\"async\" class=\"custom-image\" src=\"https:\/\/geokana.com\/shop\/wp-content\/uploads\/2026\/03\/cropped-GEOKANA-DSC00785-scaled-1.jpg\" title=\"GEOKANA-DSC00785\" alt=\"\"><\/div> <\/div> <div  class=\"row center-xs middle-xs\"> <div  class=\"col-sm-9\" data-type=\"column\"> <\/div> <\/div><\/div> <\/div><div  data-label=\"Cta\" data-id=\"cta--3\" data-export-id=\"cta-blue-section\" data-category=\"cta\" class=\"cta-blue-section content-section content-section-spacing-medium bg-color1 white-text\" id=\"cta-3\" style=\"background-image: url(&quot;https:\/\/geokana.com\/shop\/wp-content\/uploads\/2025\/10\/fotogrupo-scaled-1.jpg&quot;); background-size: cover; background-position: center top;\"><div  class=\"gridContainer\"> <div  class=\"row middle-xs\"><div  class=\"col-sm-8 space-bottom-xs\" data-type=\"column\">  <\/div> <div  class=\"col-sm-4 end-sm\" data-type=\"column\"> <\/div> <\/div><\/div> <\/div><div  data-label=\"Cta\" data-id=\"cta--1\" data-export-id=\"cta-blue-section\" data-category=\"cta\" class=\"cta-blue-section content-section content-section-spacing-medium bg-color1 white-text\" id=\"cta-1\" style=\"background-image: url(&quot;https:\/\/geokana.com\/shop\/wp-content\/uploads\/2025\/10\/FONGOGEOKANA.jpg&quot;); background-color: rgb(255, 0, 0); background-size: cover; background-position: center top;\" data-section-ov=\"1\"><div  class=\"gridContainer\"> <div  class=\"row middle-xs\"><div  class=\"col-sm-8 space-bottom-xs\" data-type=\"column\"> <h2  class=\"\"><span  style=\"font-weight: 900;\">GEOKANA<\/span> <span  class=\"font-300\" style=\"font-style: italic;\">juega al juego, vive la aventura!<\/span><\/h2> <\/div> <div  class=\"col-sm-4 end-sm\" data-type=\"column\"> <a  class=\"button big color-white\" href=\"https:\/\/geokana.com\/shop\/geokana-rider-2026\" target=\"_self\" data-cp-link=\"1\" data-icon=\"fa-pencil-square-o\"><span  class=\"button-icon fa fa-pencil-square-o\"><\/span>INSCR\u00cdBETE!<\/a><\/div> <\/div><\/div> <\/div><div  data-label=\"About\" data-id=\"about--8\" data-export-id=\"about-text-image\" data-category=\"about\" class=\"about-text-image content-section content-section-spacing\" id=\"about-8\" style=\"background-color: rgb(255, 255, 255);\"><div  class=\"gridContainer\"> <div  class=\"row\"><div  class=\"col-sm-6 col-padding-small-xs col-sm-padding-large bg-color5 white-text content-col\" data-type=\"column\"> <h5  class=\"\">\u00a1Bienvenidos a la Geokana Rider! <\/h5> <h2  class=\"\">El mayor&nbsp;<br > <span  href=\"#\" style=\"font-family: Playfair Display,sans-serif; font-weight: 700; font-style: italic;\">reto mototur\u00edstico <\/span>jam\u00e1s creado<\/h2> <p  class=\"\"><img  decoding=\"async\" draggable=\"false\" role=\"img\" class=\"emoji\" alt=\"\ud83c\udfcd\ufe0f\" src=\"https:\/\/s.w.org\/images\/core\/emoji\/16.0.1\/svg\/1f3cd.svg\"><span  style=\"font-weight: 700;\"> El mayor reto mototur\u00edstico de Espa\u00f1a te espera durante todo el a\u00f1o.<\/span> Recorre un mapa interactivo con <span  style=\"font-weight: 700;\">m\u00e1s de 1000 puntos<\/span> <span  style=\"font-weight: 700;\">repartidos por todo el territorio<\/span>, que incluyen:\n<br ><br >\u2022 <img  decoding=\"async\" draggable=\"false\" role=\"img\" class=\"emoji\" alt=\"\ud83c\udfde\ufe0f\" src=\"https:\/\/s.w.org\/images\/core\/emoji\/16.0.1\/svg\/1f3de.svg\"> Las mejores<span  style=\"font-weight: 700;\"> carreteras de curvas<\/span><br >\n\u2022 <img  decoding=\"async\" draggable=\"false\" role=\"img\" class=\"emoji\" alt=\"\ud83c\udf04\" src=\"https:\/\/s.w.org\/images\/core\/emoji\/16.0.1\/svg\/1f304.svg\"> <span  style=\"font-weight: 700;\">Miradores<\/span> y puertos de monta\u00f1a<br >\n\u2022 <img  decoding=\"async\" draggable=\"false\" role=\"img\" class=\"emoji\" alt=\"\ud83c\udfdb\ufe0f\" src=\"https:\/\/s.w.org\/images\/core\/emoji\/16.0.1\/svg\/1f3db.svg\"> <span  style=\"font-weight: 700;\">Lugares<\/span> emblem\u00e1ticos<br >\n\u2022 <img  decoding=\"async\" draggable=\"false\" role=\"img\" class=\"emoji\" alt=\"\ud83c\udf7d\ufe0f\" src=\"https:\/\/s.w.org\/images\/core\/emoji\/16.0.1\/svg\/1f37d.svg\"><span  style=\"font-weight: 700;\"> Bares y restaurantes moteros<\/span>\n<br ><br >Con <span  style=\"font-weight: 700;\">una \u00fanica inscripci\u00f3n podr\u00e1s salir tantas veces como quieras a registrar puntos de paso durante todo el a\u00f1o, <span  style=\"font-weight: 400;\">y a medida que vayas<\/span> sumando puntos de paso ir\u00e1s subiendo en los <a  data-mce-href=\"ranking-geokana\" href=\"https:\/\/geokana.com\/shop\/ranking-geokana\" target=\"_blank\" rel=\"noopener\" data-mce-selected=\"inline-boundary\" data-cp-link=\"1\">rankings<\/a>.\n<\/span>\n<br >Geokana Rider <span  style=\"font-weight: 700;\">no es una competici\u00f3n de velocidad, pero si un juego motero s\u00faper divertido<\/span>, que te anima a salir y descubrir sitios nuevos.<br ><br >Puedes participar con tu moto, ya sea <span  style=\"font-weight: 700;\">solo o con acompa\u00f1ante.\n<\/span><span  style=\"font-weight: 700;\">No necesitas instalar ninguna app<\/span>: accede f\u00e1cilmente desde cualquier dispositivo a trav\u00e9s de <a  data-mce-href=\"..\/play\/geokana\/usuarios\" href=\"..\/play\/geokana\/usuarios\" target=\"_blank\" rel=\"noopener\" data-mce-selected=\"inline-boundary\" data-cp-link=\"1\" class=\"\">geokana.com<\/a>, y cada vez que llegues a un punto de paso, <span  style=\"font-weight: 700;\">el mapa te geolocalizar\u00e1 y podr\u00e1s registrarlo.<\/span><br ><br ><img  decoding=\"async\" draggable=\"false\" role=\"img\" class=\"emoji\" alt=\"\ud83c\udfc5\" src=\"https:\/\/s.w.org\/images\/core\/emoji\/16.0.1\/svg\/1f3c5.svg\"> Con solo <span  style=\"font-weight: 700;\">40 puntos eres FINISHER<\/span>; con <span  style=\"font-weight: 700;\">80<\/span> puntos, alcanzas el nivel de <span  style=\"font-weight: 700;\">MASTER<\/span>; y con m\u00e1s de <span  style=\"font-weight: 700;\">200 puntos<\/span>, te conviertes en <span  style=\"font-weight: 700;\">LEGEND<\/span>.\n<br ><br ><img  decoding=\"async\" draggable=\"false\" role=\"img\" class=\"emoji\" alt=\"\ud83c\udf89\" src=\"https:\/\/s.w.org\/images\/core\/emoji\/16.0.1\/svg\/1f389.svg\"> Al final del a\u00f1o, lo celebraremos con una <span  style=\"font-weight: 700;\">fiesta de entrega de premios, desayuno para todos y sorteos de patrocinadores.<\/span> \u00a1No importa de d\u00f3nde seas, la aventura te espera <span  style=\"font-weight: 700;\">en cada rinc\u00f3n de Espa\u00f1a!<\/span>\n<br ><br ><img  decoding=\"async\" draggable=\"false\" role=\"img\" class=\"emoji\" alt=\"\ud83c\udf1f\" src=\"https:\/\/s.w.org\/images\/core\/emoji\/16.0.1\/svg\/1f31f.svg\"> \u00a1\u00danete a la emoci\u00f3n de la Geokana Rider! <img  decoding=\"async\" draggable=\"false\" role=\"img\" class=\"emoji\" alt=\"\ud83c\udf1f\" src=\"https:\/\/s.w.org\/images\/core\/emoji\/16.0.1\/svg\/1f31f.svg\"><\/p><\/div> <div  class=\"col-sm-6 flexbox-strech center-xs middle-xs no-gutter-col\"><div  class=\"shadow-large overlap-left-large flexbox middle-xs center-xs right-img\" data-bg=\"image\" style=\"background-image: url(&quot;https:\/\/geokana.com\/shop\/wp-content\/uploads\/2025\/10\/cropped-cropped-cropped-geokana-2026-medallas-1.png&quot;);\"><\/div><\/div> <\/div><\/div> <\/div><div  data-label=\"Content\" data-id=\"content--1\" data-export-id=\"content-12\" data-category=\"content\" class=\"content-12 content-section content-section-spacing\" id=\"content-1\" style=\"background-color: rgb(255, 255, 255);\"><div  class=\"\"> <div  class=\"row text-center\"><div  class=\"section-title-col\" data-type=\"column\"> <h2  class=\"\"><span  style=\"font-weight: 900;\">Fiesta Entrega Premios Reto Ermitas 2025&nbsp;<\/span><\/h2> <p  class=\"lead\">A continuaci\u00f3n pod\u00e9is ver las fotos del evento de entrega de premios del<span  style=\"font-weight: 700;\"> Reto Ermitas 2025 de Motosx1000 by Geokana Rider<\/span><\/p><a  class=\"button big color7\" href=\"https:\/\/geokana.com\/shop\/fiesta-reto-ermitas-2025-motosx1000\" target=\"_self\" data-cp-link=\"1\" data-icon=\"fa-photo\"><span  class=\"button-icon fa fa-photo\"><\/span>Galer\u00eda Fotos Evento Reto Ermitas 2025<\/a><\/div> <\/div> <div  class=\"row center-xs middle-xs\"> <div  class=\"col-sm-9\" data-type=\"column\"> <img  decoding=\"async\" class=\"shadow-large\" src=\"https:\/\/geokana.com\/shop\/wp-content\/uploads\/2025\/10\/cropped-fiesta-reto-ermitas-2025-motosx1000-geokana-scaled-1.jpeg\" title=\"fiesta-reto-ermitas-2025-motosx1000-geokana\" alt=\"\"><\/div> <\/div><\/div> <\/div><div  data-label=\"Cta\" data-id=\"cta--2\" data-export-id=\"cta-centered-bg-section\" data-category=\"cta\" data-section-ov=\"1\" class=\"cta-centered-bg-section content-section content-section-spacing-medium white-text content-relative\" data-parallax-depth=\"20\" id=\"cta-2\" style=\"background-color: rgb(255, 255, 255); background-image: url(&quot;https:\/\/geokana.com\/shop\/wp-content\/uploads\/2024\/10\/fotogrupo-scaled.jpg&quot;); background-size: cover; background-position: center top;\"><div  class=\"gridContainer\"> <div  class=\"row text-center\"><div  data-type=\"column\" class=\"\"> <h2  class=\"\">Y al finalizar el a\u00f1o\u2026&nbsp;<span  class=\"font-300\"><br >Te invitamos al evento anual de entrega de premios!<\/span><\/h2> <\/div> <\/div><\/div> <\/div>","protected":false},"excerpt":{"rendered":"<p>Fotos Evento Entrega Premios Geokana 2025 FOTOS EVENTO ENTREGA PREMIOSS\u00e1bado 21 Marzo 2026 \u00b7 Navarcles (Barcelona) GEOKANA juega al juego, vive la aventura! INSCR\u00cdBETE! \u00a1Bienvenidos a la Geokana Rider! El mayor&nbsp; reto mototur\u00edstico jam\u00e1s creado El mayor reto mototur\u00edstico de Espa\u00f1a te espera durante todo el a\u00f1o. Recorre un mapa interactivo con m\u00e1s de 1000&hellip; <br \/> <a class=\"read-more\" href=\"https:\/\/geokana.com\/shop\/\">Leer m\u00e1s<\/a><\/p>\n","protected":false},"author":1,"featured_media":0,"parent":0,"menu_order":0,"comment_status":"closed","ping_status":"closed","template":"page-templates\/homepage.php","meta":{"footnotes":""},"class_list":["post-5","page","type-page","status-publish","hentry"],"_links":{"self":[{"href":"https:\/\/geokana.com\/shop\/wp-json\/wp\/v2\/pages\/5","targetHints":{"allow":["GET"]}}],"collection":[{"href":"https:\/\/geokana.com\/shop\/wp-json\/wp\/v2\/pages"}],"about":[{"href":"https:\/\/geokana.com\/shop\/wp-json\/wp\/v2\/types\/page"}],"author":[{"embeddable":true,"href":"https:\/\/geokana.com\/shop\/wp-json\/wp\/v2\/users\/1"}],"replies":[{"embeddable":true,"href":"https:\/\/geokana.com\/shop\/wp-json\/wp\/v2\/comments?post=5"}],"version-history":[{"count":139,"href":"https:\/\/geokana.com\/shop\/wp-json\/wp\/v2\/pages\/5\/revisions"}],"predecessor-version":[{"id":5693,"href":"https:\/\/geokana.com\/shop\/wp-json\/wp\/v2\/pages\/5\/revisions\/5693"}],"wp:attachment":[{"href":"https:\/\/geokana.com\/shop\/wp-json\/wp\/v2\/media?parent=5"}],"curies":[{"name":"wp","href":"https:\/\/api.w.org\/{rel}","templated":true}]}}