{"id":5108,"date":"2026-01-01T06:29:14","date_gmt":"2026-01-01T05:29:14","guid":{"rendered":"https:\/\/geokana.com\/shop\/?page_id=5108"},"modified":"2026-04-04T09:22:49","modified_gmt":"2026-04-04T07:22:49","slug":"ranking-geokana-2026","status":"publish","type":"page","link":"https:\/\/geokana.com\/shop\/ranking-geokana-2026\/","title":{"rendered":"RANKING GEOKANA 2026"},"content":{"rendered":"<div  data-label=\"Cta\" data-id=\"cta--1\" data-export-id=\"cta-blue-section\" data-category=\"cta\" class=\"cta-blue-section content-section content-section-spacing-medium bg-color1 white-text content-relative\" id=\"cta-1\" style=\"background-size: cover; background-position: center top; background-image: none; background-color: rgb(52, 58, 64);\"><div  class=\"gridContainer\"> <div  class=\"row middle-xs\"><div  class=\"col-sm-8 space-bottom-xs\" data-type=\"column\"> <h2  class=\"\">Ranking Absoluto&nbsp;<span  class=\"font-300\">Anual <span  style=\"font-weight: 900;\">2026<\/span><\/span><\/h2> <\/div> <div  class=\"col-sm-4 end-sm\" data-type=\"column\"> <\/div> <\/div><\/div> <\/div><div  data-label=\"Overlappable\" data-id=\"overlappable--1\" data-export-id=\"overlappable-5\" data-category=\"overlappable\" class=\"overlappable-5 content-section content-section-spacing content-relative\" data-overlap=\"true\" id=\"overlappable-1\"><div  class=\"gridContainer\"> <div  data-type=\"row\" class=\"row shadow-medium bg-color-white\">   <div  class=\"col-xs-12 col-sm-4 col-padding col-padding-xs bg-color-white col-md-6\"><div  class=\"row middle-sm\"> <div  class=\"col-xs-12 col-sm-fit icon-column\"><i  class=\"fa icon fa-signal bordered round color7\"><\/i><\/div> <div  data-type=\"column\" class=\"col-xs-12 col-sm v-spacing\"><h5  class=\"\">RANKING ABSOLUTO ANUAL POR PUNTOS DE PASO REGISTRADOS<\/h5><\/div> <\/div> <div  class=\"row\"> <div  class=\"col-xs-12 col-sm-12\" data-type=\"column\"> <p  class=\"\">En este ranking se presenta a los <span  style=\"font-weight: 700;\">150 participantes<\/span> con <span  style=\"font-weight: 700;\">mayor n\u00famero de puntos de paso registrados a nivel global durante todo el a\u00f1o.<\/span><\/p> <a  class=\"button color7\" href=\"https:\/\/geokana.com\/play\/geokana\/rankabsanual-2026.php?mes=0\" target=\"_blank\" data-cp-link=\"1\" data-icon=\"fa-check\"><span  class=\"button-icon fa fa-check\"><\/span>Consultar RANKING<\/a><p  class=\"\"><span  style=\"font-weight: 300;\"><span  style=\"font-weight: 700;\">Finisher 40 <img  decoding=\"async\" draggable=\"false\" role=\"img\" class=\"emoji\" alt=\"\ud83c\udfc1\" src=\"https:\/\/s.w.org\/images\/core\/emoji\/16.0.1\/svg\/1f3c1.svg\"> Master 80&nbsp;<img  decoding=\"async\" draggable=\"false\" role=\"img\" class=\"emoji\" alt=\"\ud83d\udc51\" src=\"https:\/\/s.w.org\/images\/core\/emoji\/16.0.1\/svg\/1f451.svg\"> Legend 200<\/span> <img  decoding=\"async\" draggable=\"false\" role=\"img\" class=\"emoji\" alt=\"\ud83c\udfc6\" src=\"https:\/\/s.w.org\/images\/core\/emoji\/16.0.1\/svg\/1f3c6.svg\"><\/span><\/p><p  class=\"\">Contabilizan todos los puntos de paso registrados de todos los retos a los que est\u00e9 inscrito cada participante, teniendo en cuenta que si un mismo punto de paso pertenece a varios retos, deber\u00e1n pasar 12h entre registros.<\/p><\/div> <\/div><\/div><div  class=\"col-xs-12 col-sm-4 col-padding col-padding-xs bg-color-white col-md-6\"><div  class=\"row middle-sm\"> <div  class=\"col-xs-12 col-sm-fit icon-column\"><i  class=\"fa icon fa-signal bordered round color7\"><\/i><\/div> <div  data-type=\"column\" class=\"col-xs-12 col-sm v-spacing\"><h5  class=\"\">RANKING ABSOLUTO ANUAL POR PUNTUACI\u00d3N ACUMULADA<\/h5><\/div> <\/div> <div  class=\"row\"> <div  class=\"col-xs-12 col-sm-12\" data-type=\"column\"> <p  class=\"\">En este ranking se presenta a los <span  style=\"font-weight: 700;\">150 participantes<\/span> con <span  style=\"font-weight: 700;\">mayor puntuaci\u00f3n total acumulada a nivel global<\/span>&nbsp;<span  style=\"font-weight: 700;\">durante todo el a\u00f1o.<\/span><\/p> <a  class=\"button color7\" href=\"https:\/\/geokana.com\/play\/geokana\/rankabsanual-2026_puntuacion.php?mes=0\" target=\"_blank\" data-cp-link=\"1\" data-icon=\"fa-check\"><span  class=\"button-icon fa fa-check\"><\/span>Consultar RANKING<\/a><p  class=\"\"><span  style=\"font-weight: 300;\"><br >Contabiliza toda la puntuaci\u00f3n obtenida de puntos de paso, estrellas y tickets de todos los retos a los que est\u00e9 inscrito cada participante.<\/span><\/p><\/div> <\/div><\/div><\/div><\/div> <\/div><div  data-label=\"Cta\" data-id=\"cta--5\" data-export-id=\"cta-blue-section\" data-category=\"cta\" class=\"cta-blue-section content-section content-section-spacing-medium bg-color1 white-text\" id=\"cta-5\" style=\"background-image: none; background-color: rgb(52, 58, 64);\"><div  class=\"gridContainer\"> <div  class=\"row middle-xs\"><div  class=\"col-sm-8 space-bottom-xs\" data-type=\"column\"> <h2  class=\"\">Ranking Anual&nbsp;<span  class=\"font-300\">Reto Geokana Rider 2026<\/span><\/h2> <\/div> <div  class=\"col-sm-4 end-sm\" data-type=\"column\"> <\/div> <\/div><\/div> <\/div><div  data-label=\"Overlappable\" data-id=\"overlappable--5\" data-export-id=\"overlappable-5\" data-category=\"overlappable\" class=\"overlappable-5 content-section content-section-spacing\" data-overlap=\"true\" id=\"overlappable-5\"><div  class=\"gridContainer\"> <div  data-type=\"row\" class=\"row shadow-medium bg-color-white\"><div  class=\"col-xs-12 col-sm-4 col-padding col-padding-xs bg-color-white col-md-12 \"> <div  class=\"row middle-sm\"><div  class=\"col-xs-12 col-sm-fit icon-column\"> <i  class=\"fa icon fa-signal bordered round color7\"><\/i><\/div> <div  data-type=\"column\" class=\"col-xs-12 col-sm v-spacing\"><h5  class=\"\">RANKING RETO ANUAL POR PUNTOS DE PASO REGISTRADOS<\/h5><p  class=\"\">En este ranking se presenta a los <span  style=\"font-weight: 700;\">150 participantes<\/span> con <span  style=\"font-weight: 700;\">mayor n\u00famero de puntos de paso registrados en el Reto Anual durante todo el a\u00f1o.<\/span><\/p><a  class=\"button big color7\" href=\"https:\/\/geokana.com\/play\/geokana\/rankanual-2026.php?mes=0\" target=\"_blank\" data-cp-link=\"1\" data-icon=\"fa-check\"><span  class=\"button-icon fa fa-check\"><\/span>Consultar RANKING<\/a><\/div> <\/div> <div  class=\"row\"> <div  class=\"col-xs-12 col-sm-12\" data-type=\"column\"> <p  class=\"\"><span  style=\"font-weight: 700;\">Finisher 40 <img  decoding=\"async\" draggable=\"false\" role=\"img\" class=\"emoji\" alt=\"\ud83c\udfc1\" src=\"https:\/\/s.w.org\/images\/core\/emoji\/17.0.2\/svg\/1f3c1.svg\"> Master 80 <img  decoding=\"async\" draggable=\"false\" role=\"img\" class=\"emoji\" alt=\"\ud83d\udc51\" src=\"https:\/\/s.w.org\/images\/core\/emoji\/17.0.2\/svg\/1f451.svg\"> Legend 200 <img  decoding=\"async\" draggable=\"false\" role=\"img\" class=\"emoji\" alt=\"\ud83c\udfc6\" src=\"https:\/\/s.w.org\/images\/core\/emoji\/17.0.2\/svg\/1f3c6.svg\"><\/span><\/p> <\/div> <\/div><\/div>   <\/div><\/div> <\/div><div  data-label=\"Cta\" data-id=\"cta--4\" data-export-id=\"cta-blue-section\" data-category=\"cta\" class=\"cta-blue-section content-section content-section-spacing-medium bg-color1 white-text\" id=\"cta-4\" style=\"background-image: none; background-color: rgb(52, 58, 64);\"><div  class=\"gridContainer\"> <div  class=\"row middle-xs\"><div  class=\"col-sm-8 space-bottom-xs\" data-type=\"column\"> <h2  class=\"\"><span  style=\"font-weight: 700;\">Ranking Anual por Equipos\n<\/span><span  class=\"font-300\">Reto Geokana Rider 2026<\/span><\/h2> <\/div> <div  class=\"col-sm-4 end-sm\" data-type=\"column\"> <a  class=\"button big color7\" href=\"https:\/\/geokana.com\/play\/geokana\/rank-equipos-2026-2.php\" target=\"_blank\" data-cp-link=\"1\" data-icon=\"fa-signal\"><span  class=\"button-icon fa fa-signal\"><\/span>Consultar Ranking<\/a><\/div> <\/div><\/div> <\/div><div  data-label=\"Overlappable\" data-id=\"overlappable--4\" data-export-id=\"overlappable-2\" data-category=\"overlappable\" class=\"overlappable-2 content-section content-section-spacing\" data-overlap=\"true\" id=\"overlappable-4\"><div  class=\"gridContainer\"> <div  class=\"row middle-sm shadow-medium bg-color-white\"><div  class=\"col-xs-12 col-sm-4 top-sm col-padding col-padding-xs\" data-type=\"column\"> <h1  class=\"\"><span  style=\"font-weight: 900;\">Ranking<\/span>&nbsp;<span  style=\"font-weight: 900;\">2026<\/span>&nbsp;<span  style=\"font-weight: 300;\">por Equipos<\/span><\/h1><h3  class=\"font-300\">Este ranking premia a los equipos m\u00e1s constantes y activos durante todo el a\u00f1o en el Reto Anual de Geokana Rider 2026.\n<br ><br >No gana quien hace muchos puntos en pocos d\u00edas, sino quien sale m\u00e1s veces a rodar y suma puntos de forma sostenida.<\/h3> <p  class=\"\">Constancia. Volumen. Eficiencia.<\/p> <a  class=\"button y-move big color7\" href=\"https:\/\/geokana.com\/play\/geokana\/rank-equipos-2026-2.php\" target=\"_blank\" data-cp-link=\"1\" data-icon=\"fa-signal\"><span  class=\"button-icon fa fa-signal\"><\/span>Consultar Ranking<\/a><\/div> <div  class=\"col-xs-12 col-sm-8\"><div  data-type=\"row\" class=\"row\"> <div  class=\"col-xs-12 col-sm-6 col-padding col-padding-small-xs\"> <h5  class=\"\"><img  decoding=\"async\" draggable=\"false\" role=\"img\" class=\"emoji\" alt=\"\ud83d\udfe2\" src=\"https:\/\/s.w.org\/images\/core\/emoji\/17.0.2\/svg\/1f7e2.svg\">&nbsp;Normativa<\/h5> <p  class=\"\"><img  decoding=\"async\" draggable=\"false\" role=\"img\" class=\"emoji\" alt=\"\ud83d\udc65\" src=\"https:\/\/s.w.org\/images\/core\/emoji\/17.0.2\/svg\/1f465.svg\"> Los equipos deber\u00e1n tener m\u00ednimo 2 participantes.<br >\n<img  decoding=\"async\" draggable=\"false\" role=\"img\" class=\"emoji\" alt=\"\ud83d\udcc6\" src=\"https:\/\/s.w.org\/images\/core\/emoji\/17.0.2\/svg\/1f4c6.svg\"> Cada participante deber\u00e1 haber salido a rodar al menos 4 d\u00edas distintos.<br >\n<img  decoding=\"async\" draggable=\"false\" role=\"img\" class=\"emoji\" alt=\"\u274c\" src=\"https:\/\/s.w.org\/images\/core\/emoji\/17.0.2\/svg\/274c.svg\"> Esto evita riders que salen 1 d\u00eda a \u201creventar\u201d puntos,y equipos creados solo para sumar un pico puntual.<br >\n<img  decoding=\"async\" draggable=\"false\" role=\"img\" class=\"emoji\" alt=\"\ud83c\udfaf\" src=\"https:\/\/s.w.org\/images\/core\/emoji\/17.0.2\/svg\/1f3af.svg\"> El objetivo es claro: premiar constancia y compromiso durante el a\u00f1o.<br >\n<img  decoding=\"async\" draggable=\"false\" role=\"img\" class=\"emoji\" alt=\"\u2714\ufe0f\" src=\"https:\/\/s.w.org\/images\/core\/emoji\/17.0.2\/svg\/2714.svg\"> Se permite formar equipos en cualquier momento del a\u00f1o.<\/p><\/div> <div  class=\"col-xs-12 col-sm-6 col-padding col-padding-small-xs\"> <h5  class=\"\"> Orden del ranking y desempates<\/h5> <p  class=\"\">Los equipos se ordenan por:\n<br ><br ><img  decoding=\"async\" draggable=\"false\" role=\"img\" class=\"emoji\" alt=\"1\ufe0f\u20e3\" src=\"https:\/\/s.w.org\/images\/core\/emoji\/17.0.2\/svg\/31-20e3.svg\"> Score del equipo<br >\n<img  decoding=\"async\" draggable=\"false\" role=\"img\" class=\"emoji\" alt=\"2\ufe0f\u20e3\" src=\"https:\/\/s.w.org\/images\/core\/emoji\/17.0.2\/svg\/32-20e3.svg\"> Top2 Puntos \u2192 suma de puntos de los 2 miembros con m\u00e1s puntos<br >\n<img  decoding=\"async\" draggable=\"false\" role=\"img\" class=\"emoji\" alt=\"3\ufe0f\u20e3\" src=\"https:\/\/s.w.org\/images\/core\/emoji\/17.0.2\/svg\/33-20e3.svg\"> Top2 P.Acum \u2192 suma de la puntuaci\u00f3n acumulada de esos 2 miembros\n<br ><br ><img  decoding=\"async\" draggable=\"false\" role=\"img\" class=\"emoji\" alt=\"\ud83d\udc49\" src=\"https:\/\/s.w.org\/images\/core\/emoji\/17.0.2\/svg\/1f449.svg\"> As\u00ed se reconoce tambi\u00e9n a los riders m\u00e1s activos dentro de cada equipo.<\/p><\/div> <div  class=\"col-xs-12 col-sm-6 col-padding col-padding-small-xs\"> <h5  class=\"\">Eficiencia del equipo&nbsp;<\/h5> <p  class=\"\">Calculamos cu\u00e1ntos puntos hace el equipo por d\u00eda de actividad:\n<br ><br ><span  style=\"font-weight: 600;\">\u200bEficiencia=Puntos del Equipo\/D\u00edas del Equipo<\/span>\n<br >\n<\/p><\/div> <div  class=\"col-xs-12 col-sm-6 col-padding col-padding-small-xs\">  <h5  class=\"\">Factor de volumen (constancia)<\/h5> <p  class=\"\">Para premiar a los equipos que salen muchos d\u00edas, aplicamos un factor de volumen:\n<br ><br >\n<span  style=\"font-weight: 600;\">Score=Eficiencia x (Media D\u00edas Equipo)^0.7\n<\/span><img  decoding=\"async\" draggable=\"false\" role=\"img\" class=\"emoji\" alt=\"\ud83d\udd27\" src=\"https:\/\/s.w.org\/images\/core\/emoji\/17.0.2\/svg\/1f527.svg\"> El exponente 0,7 equilibra la eficiencia (no solo sumar por sumar), con el volumen real de actividad (salir muchos d\u00edas).<\/p><\/div> <\/div><\/div> <\/div><\/div> <\/div><div  data-label=\"Cta\" data-id=\"cta--2\" data-export-id=\"cta-blue-section\" data-category=\"cta\" class=\"cta-blue-section content-section content-section-spacing-medium bg-color1 white-text\" id=\"cta-2\" style=\"background-image: none; background-color: rgb(255, 0, 0);\"><div  class=\"gridContainer\"> <div  class=\"row middle-xs\"><div  class=\"col-sm-8 space-bottom-xs\" data-type=\"column\"> <h2  class=\"\">Rankings Absolutos&nbsp;<span  class=\"font-300\">Mensuales<\/span><\/h2> <p  class=\"\">Contabilizan todos los puntos de paso registrados de todos los retos a los que est\u00e9 inscrito cada participante, teniendo en cuenta que si un mismo punto de paso pertenece a varios retos, deber\u00e1n pasar 12h entre registros<\/p><\/div> <div  class=\"col-sm-4 end-sm\" data-type=\"column\"> <\/div> <\/div><\/div> <\/div><div  data-label=\"Overlappable\" data-id=\"overlappable--2\" data-export-id=\"overlappable-5\" data-category=\"overlappable\" class=\"overlappable-5 content-section content-section-spacing\" data-overlap=\"true\" id=\"overlappable-2\"><div  class=\"gridContainer\"> <div  data-type=\"row\" class=\"row shadow-medium bg-color-white\"><div  class=\"col-xs-12 col-sm-4 col-padding col-padding-xs bg-color-white col-md-6\"> <div  class=\"row middle-sm\"><div  class=\"col-xs-12 col-sm-fit icon-column\"> <i  class=\"fa icon fa-signal bordered round color7\"><\/i><\/div> <div  data-type=\"column\" class=\"col-xs-12 col-sm v-spacing\"><h5  class=\"\">RANKING PUNTOS PASO REGISTRADOS \u2013 ABRIL<\/h5><\/div> <\/div> <div  class=\"row\"> <div  class=\"col-xs-12 col-sm-12\" data-type=\"column\"> <p  class=\"\">En este ranking se presenta a los 50 participantes con <span  style=\"font-weight: 700;\">mayor n\u00famero de puntos de paso capturados durante el mes.<\/span><\/p> <a  class=\"button color7\" href=\"https:\/\/geokana.com\/play\/geokana\/rankabsmes-2026.php?mes=4\" target=\"_blank\" data-cp-link=\"1\" data-icon=\"fa-check\"><span  class=\"button-icon fa fa-check\"><\/span>Consultar RANKING<\/a><\/div> <\/div><\/div><div  class=\"col-xs-12 col-sm-4 col-padding col-padding-xs bg-color-white col-md-6\"> <div  class=\"row middle-sm\"><div  class=\"col-xs-12 col-sm-fit icon-column\"> <i  class=\"fa icon fa-signal bordered round color7\"><\/i><\/div> <div  data-type=\"column\" class=\"col-xs-12 col-sm v-spacing\"><h5  class=\"\">RANKING PUNTUACI\u00d3N ACUMULADA \u2013 ABRIL<\/h5><\/div> <\/div> <div  class=\"row\"> <div  class=\"col-xs-12 col-sm-12\" data-type=\"column\"> <p  class=\"\">En este ranking se presenta a los 50 participantes con <span  style=\"font-weight: 700;\">mayor puntuaci\u00f3n total durante el mes.<\/span><\/p> <a  class=\"button color7\" href=\"https:\/\/geokana.com\/play\/geokana\/rankabsmes-2026_puntuacion.php?mes=4\" target=\"_blank\" data-cp-link=\"1\" data-icon=\"fa-check\"><span  class=\"button-icon fa fa-check\"><\/span>Consultar RANKING<\/a><\/div> <\/div><\/div><div  class=\"col-xs-12 col-sm-4 col-padding col-padding-xs bg-color-white col-md-6\"> <div  class=\"row middle-sm\"><div  class=\"col-xs-12 col-sm-fit icon-column\"> <i  class=\"fa icon fa-signal bordered round color7\"><\/i><\/div> <div  data-type=\"column\" class=\"col-xs-12 col-sm v-spacing\"><h5  class=\"\">RANKING PUNTOS PASO REGISTRADOS \u2013 MARZO<\/h5><\/div> <\/div> <div  class=\"row\"> <div  class=\"col-xs-12 col-sm-12\" data-type=\"column\"> <p  class=\"\">En este ranking se presenta a los 50 participantes con <span  style=\"font-weight: 700;\">mayor n\u00famero de puntos de paso capturados durante el mes.<\/span><\/p> <a  class=\"button color7\" href=\"https:\/\/geokana.com\/play\/geokana\/rankabsmes-2026.php?mes=3\" target=\"_blank\" data-cp-link=\"1\" data-icon=\"fa-check\"><span  class=\"button-icon fa fa-check\"><\/span>Consultar RANKING<\/a><\/div> <\/div><\/div><div  class=\"col-xs-12 col-sm-4 col-padding col-padding-xs bg-color-white col-md-6\"> <div  class=\"row middle-sm\"><div  class=\"col-xs-12 col-sm-fit icon-column\"> <i  class=\"fa icon fa-signal bordered round color7\"><\/i><\/div> <div  data-type=\"column\" class=\"col-xs-12 col-sm v-spacing\"><h5  class=\"\">RANKING PUNTUACI\u00d3N ACUMULADA \u2013 MARZO<\/h5><\/div> <\/div> <div  class=\"row\"> <div  class=\"col-xs-12 col-sm-12\" data-type=\"column\"> <p  class=\"\">En este ranking se presenta a los 50 participantes con <span  style=\"font-weight: 700;\">mayor puntuaci\u00f3n acumulada durante el mes.<\/span><\/p> <a  class=\"button color7\" href=\"https:\/\/geokana.com\/play\/geokana\/rankabsmes-2026_puntuacion.php?mes=3\" target=\"_blank\" data-cp-link=\"1\" data-icon=\"fa-check\"><span  class=\"button-icon fa fa-check\"><\/span>Consultar RANKING<\/a><\/div> <\/div><\/div><div  class=\"col-xs-12 col-sm-4 col-padding col-padding-xs bg-color-white col-md-6\"> <div  class=\"row middle-sm\"><div  class=\"col-xs-12 col-sm-fit icon-column\"> <i  class=\"fa icon fa-signal bordered round color7\"><\/i><\/div> <div  data-type=\"column\" class=\"col-xs-12 col-sm v-spacing\"><h5  class=\"\">RANKING PUNTOS PASO REGISTRADOS \u2013 FEBRERO<\/h5><\/div> <\/div> <div  class=\"row\"> <div  class=\"col-xs-12 col-sm-12\" data-type=\"column\"> <p  class=\"\">En este ranking se presenta a los 50 participantes con <span  style=\"font-weight: 700;\">mayor n\u00famero de puntos de paso capturados durante el mes.<\/span><\/p> <a  class=\"button color7\" href=\"https:\/\/geokana.com\/play\/geokana\/rankabsmes-2026.php?mes=2\" target=\"_blank\" data-cp-link=\"1\" data-icon=\"fa-check\"><span  class=\"button-icon fa fa-check\"><\/span>Consultar RANKING<\/a><\/div> <\/div><\/div><div  class=\"col-xs-12 col-sm-4 col-padding col-padding-xs bg-color-white col-md-6\"> <div  class=\"row middle-sm\"><div  class=\"col-xs-12 col-sm-fit icon-column\"> <i  class=\"fa icon fa-signal bordered round color7\"><\/i><\/div> <div  data-type=\"column\" class=\"col-xs-12 col-sm v-spacing\"><h5  class=\"\">RANKING PUNTUACI\u00d3N ACUMULADA \u2013 FEBRERO<\/h5><\/div> <\/div> <div  class=\"row\"> <div  class=\"col-xs-12 col-sm-12\" data-type=\"column\"> <p  class=\"\">En este ranking se presenta a los 50 participantes con <span  style=\"font-weight: 700;\">mayor puntuaci\u00f3n<\/span> <span  style=\"font-weight: 700;\">total acumulada durante el mes.<\/span><\/p> <a  class=\"button color7\" href=\"https:\/\/geokana.com\/play\/geokana\/rankabsmes-2026_puntuacion.php?mes=2\" target=\"_blank\" data-cp-link=\"1\" data-icon=\"fa-check\"><span  class=\"button-icon fa fa-check\"><\/span>Consultar RANKING<\/a><\/div> <\/div><\/div><div  class=\"col-xs-12 col-sm-4 col-padding col-padding-xs bg-color-white col-md-6\"> <div  class=\"row middle-sm\"><div  class=\"col-xs-12 col-sm-fit icon-column\"> <i  class=\"fa icon fa-signal bordered round color7\"><\/i><\/div> <div  data-type=\"column\" class=\"col-xs-12 col-sm v-spacing\"><h5  class=\"\">RANKING PUNTOS PASO REGISTRADOS \u2013 ENERO<\/h5><\/div> <\/div> <div  class=\"row\"> <div  class=\"col-xs-12 col-sm-12\" data-type=\"column\"> <p  class=\"\">En este ranking se presenta a los 50 participantes con <span  style=\"font-weight: 700;\">mayor n\u00famero de puntos de paso capturados durante el mes.<\/span><\/p> <a  class=\"button color7\" href=\"https:\/\/geokana.com\/play\/geokana\/rankabsmes-2026.php?mes=1\" target=\"_blank\" data-cp-link=\"1\" data-icon=\"fa-check\"><span  class=\"button-icon fa fa-check\"><\/span>Consultar RANKING<\/a><\/div> <\/div><\/div><div  class=\"col-xs-12 col-sm-4 col-padding col-padding-xs bg-color-white col-md-6\"> <div  class=\"row middle-sm\"><div  class=\"col-xs-12 col-sm-fit icon-column\"> <i  class=\"fa icon fa-signal bordered round color7\"><\/i><\/div> <div  data-type=\"column\" class=\"col-xs-12 col-sm v-spacing\"><h5  class=\"\">RANKING PUNTUACI\u00d3N ACUMULADA \u2013 ENERO<\/h5><\/div> <\/div> <div  class=\"row\"> <div  class=\"col-xs-12 col-sm-12\" data-type=\"column\"> <p  class=\"\">En este ranking se presenta a los 50 participantes con <span  style=\"font-weight: 700;\">mayor puntuaci\u00f3n total acumulada durante el mes.<\/span><\/p> <a  class=\"button color7\" href=\"https:\/\/geokana.com\/play\/geokana\/rankabsmes-2026_puntuacion.php?mes=1\" target=\"_blank\" data-cp-link=\"1\" data-icon=\"fa-check\"><span  class=\"button-icon fa fa-check\"><\/span>Consultar RANKING<\/a><\/div> <\/div><\/div>   <\/div><\/div> <\/div>","protected":false},"excerpt":{"rendered":"<p>Ranking Absoluto&nbsp;Anual 2026 RANKING ABSOLUTO ANUAL POR PUNTOS DE PASO REGISTRADOS En este ranking se presenta a los 150 participantes con mayor n\u00famero de puntos de paso registrados a nivel global durante todo el a\u00f1o. Consultar RANKINGFinisher 40 Master 80&nbsp; Legend 200 Contabilizan todos los puntos de paso registrados de todos los retos a los&hellip; <br \/> <a class=\"read-more\" href=\"https:\/\/geokana.com\/shop\/ranking-geokana-2026\/\">Leer m\u00e1s<\/a><\/p>\n","protected":false},"author":1,"featured_media":0,"parent":0,"menu_order":0,"comment_status":"closed","ping_status":"closed","template":"pro\/page-templates\/full-width-page.php","meta":{"footnotes":""},"class_list":["post-5108","page","type-page","status-publish","hentry"],"_links":{"self":[{"href":"https:\/\/geokana.com\/shop\/wp-json\/wp\/v2\/pages\/5108","targetHints":{"allow":["GET"]}}],"collection":[{"href":"https:\/\/geokana.com\/shop\/wp-json\/wp\/v2\/pages"}],"about":[{"href":"https:\/\/geokana.com\/shop\/wp-json\/wp\/v2\/types\/page"}],"author":[{"embeddable":true,"href":"https:\/\/geokana.com\/shop\/wp-json\/wp\/v2\/users\/1"}],"replies":[{"embeddable":true,"href":"https:\/\/geokana.com\/shop\/wp-json\/wp\/v2\/comments?post=5108"}],"version-history":[{"count":25,"href":"https:\/\/geokana.com\/shop\/wp-json\/wp\/v2\/pages\/5108\/revisions"}],"predecessor-version":[{"id":5725,"href":"https:\/\/geokana.com\/shop\/wp-json\/wp\/v2\/pages\/5108\/revisions\/5725"}],"wp:attachment":[{"href":"https:\/\/geokana.com\/shop\/wp-json\/wp\/v2\/media?parent=5108"}],"curies":[{"name":"wp","href":"https:\/\/api.w.org\/{rel}","templated":true}]}}