{"id":5711,"date":"2026-04-02T19:09:24","date_gmt":"2026-04-02T17:09:24","guid":{"rendered":"https:\/\/geokana.com\/shop\/?page_id=5711"},"modified":"2026-04-02T19:30:00","modified_gmt":"2026-04-02T17:30:00","slug":"geokana-rider-2026-reto-mensual","status":"publish","type":"page","link":"https:\/\/geokana.com\/shop\/geokana-rider-2026-reto-mensual\/","title":{"rendered":"GEOKANA RIDER 2026 &#8211; RETO MENSUAL"},"content":{"rendered":"<div  data-label=\"Cta\" data-id=\"cta--2\" data-export-id=\"cta-centered-section-grid\" data-category=\"cta\" class=\"cta-centered-section-grid content-section content-section-spacing-medium bg-color1 white-text\" id=\"cta-2\" style=\"background-image: none; background-color: rgb(52, 58, 64);\"><div  class=\"gridContainer\"> <div  class=\"row text-center\"><div  class=\"col-xs-12 col-sm-10 col-sm-offset-1 col-md-8 col-md-offset-2\" data-type=\"column\">   <h3  class=\"\"><span  style=\"font-weight: 900;\">INSCRIPCIONES ABIERTAS !!!<\/span><\/h3><\/div> <\/div><\/div> <\/div><div  data-label=\"About\" data-id=\"about--2\" data-export-id=\"about-4\" data-category=\"about\" class=\"about-4 content-section content-section-spacing\" id=\"about-2\" style=\"background-color: rgb(255, 255, 255);\"><div  class=\"gridContainer\"> <div  class=\"row middle-sm text-center\"><div  class=\"col-sm-5 space-bottom-xs\" data-type=\"column\"> <h5  class=\"\">INSCR\u00cdBETE YA!<\/h5> <h2  class=\"\"><span  style=\"font-weight: 900; color: rgb(255, 0, 0);\">GEOKANA RIDER 2026<\/span>\n<br >RETO MENSUAL<\/h2> <h3  class=\"\"><span  style=\"font-weight: 900;\">Disfruta del mayor reto mototur\u00edstico a nivel nacional<\/span><\/h3><p  class=\"\">Inscr\u00edbete al<span  style=\"font-weight: 700;\">&nbsp;reto mototur\u00edstico mensual de GEOKANA RIDER 2026<\/span>, y dispondr\u00e1s de acceso al mapa interactivo durante <span  style=\"font-weight: 700;\">todo el mes<\/span>, para <span  style=\"font-weight: 700;\">registrar puntos de paso en cualquier regi\u00f3n de Espa\u00f1a.<\/span><\/p> <a  class=\"button big color7\" href=\"https:\/\/geokana.com\/play\/geokana\/usuarios2\/inscripcion.php?idreto=85\" target=\"_self\" data-cp-link=\"1\" data-icon=\"fa-pencil-square-o\"><span class=\"button-icon fa fa-pencil-square-o\" ><\/span>INSCRIPCI\u00d3N MENSUAL GEOKANA RIDER 2026<\/a><\/div> <div  class=\"col-sm-7 flexbox center-xs middle-xs image-group-2-img\"> <img  decoding=\"async\" class=\"img-1 shadow-large\" data-size=\"250x200\" src=\"https:\/\/geokana.com\/shop\/wp-content\/uploads\/2025\/12\/cropped-geokana-inicio-1.png\" title=\"cropped-geokana-inicio-1.png\" alt=\"\"> <img  decoding=\"async\" class=\"img-2 shadow-large\" data-size=\"220x170\" src=\"https:\/\/geokana.com\/shop\/wp-content\/uploads\/2026\/01\/mapa-geokana.jpg\" title=\"mapa-geokana\" alt=\"\"><\/div> <\/div><\/div> <\/div><div  data-label=\"About\" data-id=\"about--4\" data-export-id=\"about-10\" data-category=\"about\" class=\"about-10 content-section content-section-spacing\" id=\"about-4\" style=\"background-color: rgb(245, 250, 253);\"><div  class=\"gridContainer\"> <div  class=\"row middle-sm text-center\"><div  class=\"col-sm-5 space-bottom-xs content-column\" data-type=\"column\"> <h5  class=\"\">Puedes inscribirte en cualquier momento&nbsp;<\/h5> <h2  class=\"\"><span  style=\"font-weight: 900; color: rgb(255, 0, 0);\">OFERTA 39\u20ac<\/span> \n<br ><span  style=\"font-weight: 300;\">y tendr\u00e1s acceso al mapa durante todo el mes!!!<\/span><\/h2>  <p  class=\"\"><span  style=\"font-weight: 300;\"><span  style=\"font-style: italic;\">(El precio indicado es por moto. Este a\u00f1o el precio es el mismo<\/span> <span  style=\"font-style: italic;\">tanto si vas solo como si viajas con acompa\u00f1ante)<\/span><\/span><\/p><\/div> <div  class=\"col-sm-7 flexbox middle-xs center-xs space-bottom-xs\"><div  class=\"overlay-box middle-xs center-xs flexbox\"> <div  class=\"overlay-box-offset offset-border shadow-medium border-color1 hide-xs\"><\/div> <a  data-cp-link=\"1\" href=\"https:\/\/geokana.com\/play\/geokana\/usuarios2\/inscripcion.php?idreto=78\" target=\"_blank\" class=\"\"><img  decoding=\"async\" class=\"shadow-large\" data-size=\"485x705\" src=\"https:\/\/geokana.com\/shop\/wp-content\/uploads\/2026\/02\/moteros-inscripcion-5.jpg\" title=\"inscripcion geokana 2026\" alt=\"\"><\/a><\/div> <\/div><\/div> <\/div><\/div><div  data-label=\"Cta\" data-id=\"cta--1\" data-export-id=\"cta-centered-section-grid\" data-category=\"cta\" class=\"cta-centered-section-grid content-section content-section-spacing-medium bg-color1 white-text\" id=\"cta-1\" style=\"background-image: none; background-color: rgb(255, 0, 0);\"><div  class=\"gridContainer\"> <div  class=\"row text-center\"><div  class=\"col-xs-12 col-sm-10 col-sm-offset-1 col-md-8 col-md-offset-2\" data-type=\"column\"> <h2  class=\"\">Importante! <span  class=\"font-300\">El mapa de puntos de paso ya est\u00e1 disponible!<\/span><\/h2>  <\/div> <\/div><\/div> <\/div><div  data-label=\"Content\" data-id=\"content--4\" data-export-id=\"content-12\" data-category=\"content\" class=\"content-12 content-section content-section-spacing white-text\" id=\"content-4\" style=\"background-color: rgb(52, 58, 64); background-image: none;\"><div  class=\"gridContainer\"> <div  class=\"row text-center\"><div  class=\"section-title-col\" data-type=\"column\"> <h2  class=\"\"><span  style=\"color: rgb(255, 255, 255);\">\u00bfQu\u00e9 obtendr\u00e9 con la inscripci\u00f3n?<\/span><\/h2> <p  class=\"lead\"><span  style=\"font-weight: 700;\"><span  style=\"color: rgb(255, 0, 0);\">Acceso al mapa interactivo nacional completo <\/span>&nbsp;durante todo el mes, para que disfrutes descubriendo infinidad de lugares moteros <\/span>(se trata del mayor mapa nacional de ubicaciones moteras, en donde encontrar\u00e1s los mejores miradores, carreteras de curvas, lugares emblem\u00e1ticos, bares y restaurantes moteros, y mucho m\u00e1s!\n<br ><br ><span  style=\"font-weight: 700;\"><span  style=\"color: rgb(255, 0, 0);\">Acceso <\/span>a los Eventos<\/span> <span  style=\"font-weight: 700;\">de Entrega de Premios Geokana<\/span>.\n<br ><br ><span  style=\"font-weight: 700; color: rgb(255, 0, 0);\">Trofeos digitales&nbsp;<\/span>para los <span  style=\"font-weight: 700;\">FINISHERS<\/span>, <span  style=\"font-weight: 700;\">MASTERS<\/span> y <span  style=\"font-weight: 700;\">LEGENDS<\/span>.\n<br ><br >\n<span  style=\"font-weight: 700; color: rgb(255, 0, 0);\">Fotos gratuitas, diploma y medalla<\/span>&nbsp;el d\u00eda del evento. \n<br ><br ><span  style=\"font-weight: 700;\">Participaci\u00f3n en los <span  style=\"color: rgb(255, 0, 0);\">sorteos de premios<\/span><\/span> que realizaremos el d\u00eda del evento.<\/p><p  class=\"\"><span style=\"font-style: italic; font-weight: 300;\" >Importante: En caso de no asistir al evento se podr\u00e1 pedir el env\u00edo del diploma y medalla con gastos a cargo del participante.<\/span><\/p><\/div> <\/div> <div  class=\"row center-xs middle-xs\"> <div  class=\"col-sm-9\" data-type=\"column\"> <\/div> <\/div><\/div> <\/div><div  data-label=\"Content\" data-id=\"content--5\" data-export-id=\"content-7\" data-category=\"content\" class=\"content-7 content-section content-section-spacing\" id=\"content-5\" style=\"background-color: rgb(245, 250, 253);\"><div  class=\"gridContainer\"> <div  class=\"row middle-sm\"><div  class=\"col-sm-6 space-bottom-xs\" data-type=\"column\"> <h2  class=\"\">Sistema de Rankings&nbsp;<\/h2> <h5  class=\"\">NORMATIVA B\u00c1SICA<\/h5><p  class=\"\">Este a\u00f1o 2026, tendr\u00e9is a vuestra disposici\u00f3n el<span  style=\"font-weight: 700;\"> Ranking Motero Absoluto Anual<\/span>, el <span  style=\"font-weight: 700;\">Ranking del Juego Interactivo Absoluto Anual<\/span>, y los <span  style=\"font-weight: 700;\">Rankings Mensuales (Motero y Juego Interactivo).<\/span>\n<br ><br ><span  style=\"font-weight: 700;\">El Ranking Motero, es el ranking de los participantes que mayor n\u00famero de puntos de paso registran<\/span>, y por lo tanto representa un <span  style=\"font-weight: 700;\">ranking de esfuerzo<\/span> (contabilizan puntos de paso presentes en el mapa interactivo y estrellas capturadas).\n<br ><br ><span  style=\"font-weight: 700;\">El Ranking del Juego Interactivo, es el ranking de los participantes que m\u00e1s puntuaci\u00f3n han acumulado<\/span> (aqu\u00ed juega la estrategia, recordamos que cada punto de paso tiene asociada una puntuaci\u00f3n, as\u00ed como los puntos extras QR que se puedan capturar en eventos o en establecimientos, tambi\u00e9n los tickets de consumici\u00f3n que se suben en la plataforma punt\u00faan, y c\u00f3mo no, las estrellas capturadas!<\/p> <\/div> <div  class=\"col-sm-6\" data-type=\"column\"> <img  decoding=\"async\" class=\"shadow-large\" src=\"https:\/\/geokana.com\/shop\/wp-content\/uploads\/2025\/10\/Captura-de-pantalla-2025-10-23-201442.png\" title=\"RANKING GEOKANA\" alt=\"\"><\/div> <\/div><\/div> <\/div><div  data-label=\"Content\" data-id=\"content--3\" data-export-id=\"content-8\" data-category=\"content\" class=\"content-8 content-section content-section-spacing\" id=\"content-3\" style=\"background-color: rgb(255, 255, 255); background-image: none;\"><div  class=\"gridContainer\"> <div  class=\"row middle-sm\"><div  class=\"col-sm-6 space-bottom-xs space-top-xs\" data-type=\"column\"> <a  data-cp-link=\"1\" href=\"https:\/\/geokana.com\/play\/geokana\/usuarios\/login.php\" class=\"\" target=\"_blank\"><img  decoding=\"async\" class=\"shadow-large\" src=\"https:\/\/geokana.com\/shop\/wp-content\/uploads\/2026\/01\/mapa-geokana.jpg\" title=\"maparetoermitas\" alt=\"\"><\/a><\/div> <div  class=\"col-sm-6\" data-type=\"column\"><h2  class=\"\">Acceso Zona Privada Usuarios\n<br ><span  style=\"font-weight: 900;\">Mapa Interactivo<\/span><\/h2>  <a  class=\"button big color7\" href=\"https:\/\/geokana.com\/play\/geokana\/usuarios2\" target=\"_blank\" data-cp-link=\"1\" data-icon=\"fa-user\"><span  class=\"button-icon fa fa-user\"><\/span>ACCESO ZONA PRIVADA USUARIOS<\/a><\/div> <\/div><\/div> <\/div><div  data-label=\"Content\" data-id=\"content--6\" data-export-id=\"content-12\" data-category=\"content\" class=\"content-12 content-section content-section-spacing\" id=\"content-6\" style=\"background-color: rgb(245, 250, 253);\"><div  class=\"gridContainer\"> <div  class=\"row text-center\"><div  class=\"section-title-col\" data-type=\"column\"> <h2  class=\"\"> \u00bfQu\u00e9 es Geokana y c\u00f3mo funciona?<\/h2> <p  class=\"lead\" style=\"text-align: left;\"><br >\n<span  style=\"font-weight: 700;\">Geokana Rider es un reto de mototurismo activo durante todo el a\u00f1o, pensado para disfrutar de la moto a tu ritmo, sin presiones ni aglomeraciones. T\u00fa decides cu\u00e1ndo, c\u00f3mo y con qui\u00e9n rodar.<\/span>\n<br ><br ><br >\n<img  decoding=\"async\" draggable=\"false\" role=\"img\" class=\"emoji\" alt=\"\ud83d\uddfa\ufe0f\" src=\"https:\/\/s.w.org\/images\/core\/emoji\/16.0.1\/svg\/1f5fa.svg\"> <span  style=\"font-weight: 700;\">1. Un mapa interactivo siempre contigo<\/span><br >\nAl inscribirte, accedes al <span  style=\"font-weight: 700;\">mapa oficia<\/span>l de Geokana<span  style=\"font-weight: 700;\"> desde tu m\u00f3vil<\/span> (no necesitas instalar ninguna app). En \u00e9l encontrar\u00e1s<span  style=\"font-weight: 700;\"> m\u00e1s de 1.000 puntos de paso repartidos por toda Espa\u00f1a.<\/span><br >\nLos puntos est\u00e1n clasificados por colores:\n<br ><br ><br >\n<img  decoding=\"async\" draggable=\"false\" role=\"img\" class=\"emoji\" alt=\"\ud83d\udd35\" src=\"https:\/\/s.w.org\/images\/core\/emoji\/16.0.1\/svg\/1f535.svg\"> <span  style=\"font-weight: 700;\">Puntos azules:<\/span> ubicaciones moteras m\u00edticas<br >\nMiradores, puertos de monta\u00f1a, carreteras emblem\u00e1ticas, lugares ic\u00f3nicos\u2026<br >\n<img  decoding=\"async\" draggable=\"false\" role=\"img\" class=\"emoji\" alt=\"\ud83d\udd34\" src=\"https:\/\/s.w.org\/images\/core\/emoji\/16.0.1\/svg\/1f534.svg\"> <span  style=\"font-weight: 700;\">Puntos rojos:<\/span> bares y restaurantes moteros.<br >\n<img  decoding=\"async\" draggable=\"false\" role=\"img\" class=\"emoji\" alt=\"\ud83d\udfe1\" src=\"https:\/\/s.w.org\/images\/core\/emoji\/16.0.1\/svg\/1f7e1.svg\"> <span  style=\"font-weight: 700;\">Puntos dorados:<\/span> puntos especiales que otorgan m\u00e1s puntuaci\u00f3n.<br >\n<img  decoding=\"async\" draggable=\"false\" role=\"img\" class=\"emoji\" alt=\"\u2b50\" src=\"https:\/\/s.w.org\/images\/core\/emoji\/16.0.1\/svg\/2b50.svg\"><span  style=\"font-weight: 700;\"> Estrellas semanales<\/span><br >\nCada semana aparecen en el mapa estrellas azules, puntos extra con 2 vidas, lo que significa que solo dos participantes pueden registrarlos antes de que desaparezcan.\n<\/p><p  class=\"lead\" style=\"text-align: left;\"><img  decoding=\"async\" draggable=\"false\" role=\"img\" class=\"emoji\" alt=\"\ud83d\udccd\" src=\"https:\/\/s.w.org\/images\/core\/emoji\/16.0.1\/svg\/1f4cd.svg\" style=\"background-color: rgb(245, 250, 253); font-size: 19.2px; text-align: left; background-image: none !important;\"><span  style=\"font-size: 19.2px; text-align: left; font-weight: 700;\">&nbsp;2. Registro autom\u00e1tico por geolocalizaci\u00f3n<\/span><br  style=\"font-size: 19.2px; text-align: left;\"><span  style=\"font-size: 19.2px; text-align: left;\">Cuando te acercas a menos de 1 km de un punto, el sistema te permite registrarlo.<\/span><br  style=\"font-size: 19.2px; text-align: left;\"><span  style=\"font-size: 19.2px; text-align: left;\">Tras registrarlo:<\/span><br  style=\"font-size: 19.2px; text-align: left;\"><span  style=\"font-size: 19.2px; text-align: left;\">El punto pasa a color gris en tu mapa.<\/span><br  style=\"font-size: 19.2px; text-align: left;\"><span  style=\"font-size: 19.2px; text-align: left;\">As\u00ed sabes exactamente qu\u00e9 zonas ya has completado.<\/span><br  style=\"font-size: 19.2px; text-align: left;\"><span  style=\"font-size: 19.2px; text-align: left;\">Puedes hacer tantas rutas y etapas como quieras durante el a\u00f1o, sin l\u00edmites.<\/span><span  style=\"font-size: 19.2px; text-align: left;\"><\/span><br  style=\"font-size: 19.2px; text-align: left;\"><br  style=\"font-size: 19.2px; text-align: left;\"><br  style=\"font-size: 19.2px; text-align: left;\"><img  decoding=\"async\" draggable=\"false\" role=\"img\" class=\"emoji\" alt=\"\ud83c\udfaf\" src=\"https:\/\/s.w.org\/images\/core\/emoji\/16.0.1\/svg\/1f3af.svg\" style=\"background-color: rgb(245, 250, 253); font-size: 19.2px; text-align: left; background-image: none !important;\"><span  style=\"font-size: 19.2px; text-align: left;\">&nbsp;<span  style=\"font-weight: 700;\">3. Objetivo del reto mensual<\/span><\/span><br  style=\"font-size: 19.2px; text-align: left;\"><span  style=\"font-size: 19.2px; text-align: left;\">A lo largo del mes, tu misi\u00f3n es registrar puntos de paso y alcanzar tu credencial:<\/span><br  style=\"font-size: 19.2px; text-align: left;\"><img  decoding=\"async\" draggable=\"false\" role=\"img\" class=\"emoji\" alt=\"\ud83d\udfe9\" src=\"https:\/\/s.w.org\/images\/core\/emoji\/16.0.1\/svg\/1f7e9.svg\" style=\"background-color: rgb(245, 250, 253); font-size: 19.2px; text-align: left; background-image: none !important;\"><span  style=\"font-size: 19.2px; text-align: left;\">&nbsp;FINISHER \u2192 20 puntos<\/span><br  style=\"font-size: 19.2px; text-align: left;\"><img  decoding=\"async\" draggable=\"false\" role=\"img\" class=\"emoji\" alt=\"\ud83d\udfe6\" src=\"https:\/\/s.w.org\/images\/core\/emoji\/16.0.1\/svg\/1f7e6.svg\" style=\"background-color: rgb(245, 250, 253); font-size: 19.2px; text-align: left; background-image: none !important;\"><span  style=\"font-size: 19.2px; text-align: left;\">&nbsp;MASTER \u2192 40 puntos<\/span><br  style=\"font-size: 19.2px; text-align: left;\"><img  decoding=\"async\" draggable=\"false\" role=\"img\" class=\"emoji\" alt=\"\ud83d\udfea\" src=\"https:\/\/s.w.org\/images\/core\/emoji\/16.0.1\/svg\/1f7ea.svg\" style=\"background-color: rgb(245, 250, 253); font-size: 19.2px; text-align: left; background-image: none !important;\"><span  style=\"font-size: 19.2px; text-align: left;\">&nbsp;LEGEND \u2192 m\u00e1s de 100 puntos<\/span><span  style=\"font-size: 19.2px; text-align: left;\"><\/span><br  style=\"font-size: 19.2px; text-align: left;\"><br  style=\"font-size: 19.2px; text-align: left;\"><br  style=\"font-size: 19.2px; text-align: left;\"><img  decoding=\"async\" draggable=\"false\" role=\"img\" class=\"emoji\" alt=\"\ud83d\udee3\ufe0f\" src=\"https:\/\/s.w.org\/images\/core\/emoji\/16.0.1\/svg\/1f6e3.svg\" style=\"background-color: rgb(245, 250, 253); font-size: 19.2px; text-align: left; background-image: none !important;\"><span  style=\"font-size: 19.2px; text-align: left;\">&nbsp;<span  style=\"font-weight: 700;\">4. Mototurismo libre y seguro<\/span><\/span><br  style=\"font-size: 19.2px; text-align: left;\"><span  style=\"font-size: 19.2px; text-align: left;\">Geokana no es un evento masivo. No hay concentraciones de cientos de motos en la misma carretera ni rutas obligatorias.<\/span><br  style=\"font-size: 19.2px; text-align: left;\"><span  style=\"font-size: 19.2px; text-align: left;\">Cada participante hace el reto a su manera, lo que permite:<\/span><br  style=\"font-size: 19.2px; text-align: left;\"><img  decoding=\"async\" draggable=\"false\" role=\"img\" class=\"emoji\" alt=\"\u2714\ufe0f\" src=\"https:\/\/s.w.org\/images\/core\/emoji\/16.0.1\/svg\/2714.svg\" style=\"background-color: rgb(245, 250, 253); font-size: 19.2px; text-align: left; background-image: none !important;\"><span  style=\"font-size: 19.2px; text-align: left; font-weight: 700;\">&nbsp;Conducci\u00f3n m\u00e1s segura<\/span><br  style=\"font-size: 19.2px; text-align: left;\"><span  style=\"font-weight: 700;\"><img  decoding=\"async\" draggable=\"false\" role=\"img\" class=\"emoji\" alt=\"\u2714\ufe0f\" src=\"https:\/\/s.w.org\/images\/core\/emoji\/16.0.1\/svg\/2714.svg\" style=\"background-color: rgb(245, 250, 253); font-size: 19.2px; text-align: left; background-image: none !important;\"><span  style=\"font-size: 19.2px; text-align: left;\">&nbsp;Rutas m\u00e1s tranquilas<\/span><\/span><br  style=\"font-size: 19.2px; text-align: left;\"><span  style=\"font-weight: 700;\"><img  decoding=\"async\" draggable=\"false\" role=\"img\" class=\"emoji\" alt=\"\u2714\ufe0f\" src=\"https:\/\/s.w.org\/images\/core\/emoji\/16.0.1\/svg\/2714.svg\" style=\"background-color: rgb(245, 250, 253); font-size: 19.2px; text-align: left; background-image: none !important;\"><span  style=\"font-size: 19.2px; text-align: left;\">&nbsp;Descubrir nuevos lugares sin prisas<\/span><\/span><br  style=\"font-size: 19.2px; text-align: left;\"><span  style=\"font-weight: 700;\"><img  decoding=\"async\" draggable=\"false\" role=\"img\" class=\"emoji\" alt=\"\u2714\ufe0f\" src=\"https:\/\/s.w.org\/images\/core\/emoji\/16.0.1\/svg\/2714.svg\" style=\"background-color: rgb(245, 250, 253); font-size: 19.2px; text-align: left; background-image: none !important;\"><span  style=\"font-size: 19.2px; text-align: left;\">&nbsp;Motivaci\u00f3n extra gracias a los rankings<\/span><\/span><span  style=\"font-size: 19.2px; text-align: left;\"><\/span><br  style=\"font-size: 19.2px; text-align: left;\"><br  style=\"font-size: 19.2px; text-align: left;\"><br  style=\"font-size: 19.2px; text-align: left;\"><img  decoding=\"async\" draggable=\"false\" role=\"img\" class=\"emoji\" alt=\"\ud83c\udf89\" src=\"https:\/\/s.w.org\/images\/core\/emoji\/16.0.1\/svg\/1f389.svg\" style=\"background-color: rgb(245, 250, 253); font-size: 19.2px; text-align: left; background-image: none !important;\"><span  style=\"font-size: 19.2px; text-align: left; font-weight: 700;\">&nbsp;5. Fiesta anual Geokana<\/span><br  style=\"font-size: 19.2px; text-align: left;\"><span  style=\"font-size: 19.2px; text-align: left;\">Al finalizar el a\u00f1o, celebramos una gran fiesta Geokana Rider (normalmente en marzo, en Catalu\u00f1a).<\/span><span  style=\"font-size: 19.2px; text-align: left;\"><\/span><\/p><\/div> <\/div> <div  class=\"row center-xs middle-xs\"> <div  class=\"col-sm-9\" data-type=\"column\"> <\/div> <\/div><\/div> <\/div><div  data-label=\"Cta\" data-id=\"cta--3\" data-export-id=\"cta-blue-section\" data-category=\"cta\" class=\"cta-blue-section content-section content-section-spacing-medium bg-color1 white-text\" id=\"cta-3\" style=\"background-image: none; background-color: rgb(255, 0, 0);\"><div  class=\"gridContainer\"> <div  class=\"row middle-xs\"><div  class=\"col-sm-8 space-bottom-xs\" data-type=\"column\"> <h2  class=\"\">S\u00edguenos! <span  style=\"font-weight: 300;\">para estar al d\u00eda de todo!<\/span><\/h2> <\/div> <div  class=\"col-sm-4 end-sm\" data-type=\"column\"> <a  class=\"button big color-white\" href=\"https:\/\/www.instagram.com\/geokana.rider\" target=\"_blank\" data-cp-link=\"1\" data-icon=\"fa-instagram\"><span  class=\"button-icon fa fa-instagram\"><\/span>Instagram @geokana.rider<\/a><\/div> <\/div><\/div> <\/div>","protected":false},"excerpt":{"rendered":"<p>INSCRIPCIONES ABIERTAS !!! INSCR\u00cdBETE YA! GEOKANA RIDER 2026 RETO MENSUAL Disfruta del mayor reto mototur\u00edstico a nivel nacionalInscr\u00edbete al&nbsp;reto mototur\u00edstico mensual de GEOKANA RIDER 2026, y dispondr\u00e1s de acceso al mapa interactivo durante todo el mes, para registrar puntos de paso en cualquier regi\u00f3n de Espa\u00f1a. INSCRIPCI\u00d3N MENSUAL GEOKANA RIDER 2026 Puedes inscribirte en cualquier&hellip; <br \/> <a class=\"read-more\" href=\"https:\/\/geokana.com\/shop\/geokana-rider-2026-reto-mensual\/\">Leer m\u00e1s<\/a><\/p>\n","protected":false},"author":1,"featured_media":0,"parent":0,"menu_order":0,"comment_status":"closed","ping_status":"closed","template":"pro\/page-templates\/full-width-page.php","meta":{"footnotes":""},"class_list":["post-5711","page","type-page","status-publish","hentry"],"_links":{"self":[{"href":"https:\/\/geokana.com\/shop\/wp-json\/wp\/v2\/pages\/5711","targetHints":{"allow":["GET"]}}],"collection":[{"href":"https:\/\/geokana.com\/shop\/wp-json\/wp\/v2\/pages"}],"about":[{"href":"https:\/\/geokana.com\/shop\/wp-json\/wp\/v2\/types\/page"}],"author":[{"embeddable":true,"href":"https:\/\/geokana.com\/shop\/wp-json\/wp\/v2\/users\/1"}],"replies":[{"embeddable":true,"href":"https:\/\/geokana.com\/shop\/wp-json\/wp\/v2\/comments?post=5711"}],"version-history":[{"count":3,"href":"https:\/\/geokana.com\/shop\/wp-json\/wp\/v2\/pages\/5711\/revisions"}],"predecessor-version":[{"id":5716,"href":"https:\/\/geokana.com\/shop\/wp-json\/wp\/v2\/pages\/5711\/revisions\/5716"}],"wp:attachment":[{"href":"https:\/\/geokana.com\/shop\/wp-json\/wp\/v2\/media?parent=5711"}],"curies":[{"name":"wp","href":"https:\/\/api.w.org\/{rel}","templated":true}]}}